{"id":4108,"date":"2023-03-01T03:09:54","date_gmt":"2023-03-01T03:09:54","guid":{"rendered":"https:\/\/villaslirio.com\/contacto\/"},"modified":"2023-04-03T17:20:27","modified_gmt":"2023-04-03T17:20:27","slug":"contacto","status":"publish","type":"page","link":"https:\/\/villaslirio.com\/es\/contacto\/","title":{"rendered":"Cont\u00e1ctanos"},"content":{"rendered":"\t\t<div data-elementor-type=\"wp-page\" data-elementor-id=\"4108\" class=\"elementor elementor-4108 elementor-71\">\n\t\t\t\t\t\t<section class=\"elementor-section elementor-top-section elementor-element elementor-element-4932a17 elementor-section-content-middle elementor-section-boxed elementor-section-height-default elementor-section-height-default\" data-id=\"4932a17\" data-element_type=\"section\" data-e-type=\"section\">\n\t\t\t\t\t\t<div class=\"elementor-container elementor-column-gap-default\">\n\t\t\t\t\t<div class=\"elementor-column elementor-col-50 elementor-top-column elementor-element elementor-element-7623a3a\" data-id=\"7623a3a\" data-element_type=\"column\" data-e-type=\"column\">\n\t\t\t<div class=\"elementor-widget-wrap elementor-element-populated\">\n\t\t\t\t\t\t<div class=\"elementor-element elementor-element-dec8990 elementor-widget elementor-widget-heading\" data-id=\"dec8990\" data-element_type=\"widget\" data-e-type=\"widget\" data-widget_type=\"heading.default\">\n\t\t\t\t<div class=\"elementor-widget-container\">\n\t\t\t\t\t<h2 class=\"elementor-heading-title elementor-size-default\">\u00bfNECESITAS M\u00c1S INFORMACI\u00d3N?<\/h2>\t\t\t\t<\/div>\n\t\t\t\t<\/div>\n\t\t\t\t<div class=\"elementor-element elementor-element-e04130e elementor-widget elementor-widget-heading\" data-id=\"e04130e\" data-element_type=\"widget\" data-e-type=\"widget\" data-widget_type=\"heading.default\">\n\t\t\t\t<div class=\"elementor-widget-container\">\n\t\t\t\t\t<h1 class=\"elementor-heading-title elementor-size-default\">Cont\u00e1ctanos<\/h1>\t\t\t\t<\/div>\n\t\t\t\t<\/div>\n\t\t\t\t<div class=\"elementor-element elementor-element-f94ed96 elementor-mobile-button-align-center elementor-button-align-stretch elementor-widget elementor-widget-form\" data-id=\"f94ed96\" data-element_type=\"widget\" data-e-type=\"widget\" data-settings=\"{&quot;step_next_label&quot;:&quot;Siguiente&quot;,&quot;step_previous_label&quot;:&quot;Anterior&quot;,&quot;button_width&quot;:&quot;100&quot;,&quot;step_type&quot;:&quot;number_text&quot;,&quot;step_icon_shape&quot;:&quot;circle&quot;}\" data-widget_type=\"form.default\">\n\t\t\t\t<div class=\"elementor-widget-container\">\n\t\t\t\t\t\t\t<form class=\"elementor-form\" method=\"post\" name=\"New Form\">\n\t\t\t<input type=\"hidden\" name=\"post_id\" value=\"4108\"\/>\n\t\t\t<input type=\"hidden\" name=\"form_id\" value=\"f94ed96\"\/>\n\t\t\t<input type=\"hidden\" name=\"referer_title\" value=\"Hotel Villas Lirio\" \/>\n\n\t\t\t\n\t\t\t<div class=\"elementor-form-fields-wrapper elementor-labels-above\">\n\t\t\t\t\t\t\t\t<div class=\"elementor-field-type-text elementor-field-group elementor-column elementor-field-group-name elementor-col-100 elementor-field-required\">\n\t\t\t\t\t\t\t\t\t\t\t\t\t<input size=\"1\" type=\"text\" name=\"form_fields[name]\" id=\"form-field-name\" class=\"elementor-field elementor-size-sm  elementor-field-textual\" placeholder=\"Nombre\" required=\"required\" aria-required=\"true\">\n\t\t\t\t\t\t\t\t\t\t\t<\/div>\n\t\t\t\t\t\t\t\t<div class=\"elementor-field-type-email elementor-field-group elementor-column elementor-field-group-email elementor-col-100 elementor-field-required\">\n\t\t\t\t\t\t\t\t\t\t\t\t\t<input size=\"1\" type=\"email\" name=\"form_fields[email]\" id=\"form-field-email\" class=\"elementor-field elementor-size-sm  elementor-field-textual\" placeholder=\"Correo Electr\u00f3nico\" required=\"required\" aria-required=\"true\">\n\t\t\t\t\t\t\t\t\t\t\t<\/div>\n\t\t\t\t\t\t\t\t<div class=\"elementor-field-type-textarea elementor-field-group elementor-column elementor-field-group-message elementor-col-100 elementor-field-required\">\n\t\t\t\t\t<textarea class=\"elementor-field-textual elementor-field  elementor-size-sm\" name=\"form_fields[message]\" id=\"form-field-message\" rows=\"4\" placeholder=\"Mensaje\" required=\"required\" aria-required=\"true\"><\/textarea>\t\t\t\t<\/div>\n\t\t\t\t\t\t\t\t<div class=\"elementor-field-type-recaptcha_v3 elementor-field-group elementor-column elementor-field-group-field_02f5876 elementor-col-100 recaptcha_v3-bottomright\">\n\t\t\t\t\t<div class=\"elementor-field\" id=\"form-field-field_02f5876\"><div class=\"elementor-g-recaptcha\" data-sitekey=\"6LcTyRIeAAAAADf2q0nawc-_8rI0n8Rk_kbO9wkz\" data-type=\"v3\" data-action=\"Form\" data-badge=\"bottomright\" data-size=\"invisible\"><\/div><\/div>\t\t\t\t<\/div>\n\t\t\t\t\t\t\t\t<div class=\"elementor-field-group elementor-column elementor-field-type-submit elementor-col-100 e-form__buttons\">\n\t\t\t\t\t<button type=\"submit\" class=\"elementor-button elementor-size-md\">\n\t\t\t\t\t\t<span >\n\t\t\t\t\t\t\t\t\t\t\t\t\t\t\t<span class=\" elementor-button-icon\">\n\t\t\t\t\t\t\t\t\t\t\t\t\t\t\t\t\t\t\t\t\t\t\t\t\t\t<\/span>\n\t\t\t\t\t\t\t\t\t\t\t\t\t\t\t\t\t\t\t\t\t\t<span class=\"elementor-button-text\">Enviar<\/span>\n\t\t\t\t\t\t\t\t\t\t\t\t\t<\/span>\n\t\t\t\t\t<\/button>\n\t\t\t\t<\/div>\n\t\t\t<\/div>\n\t\t<\/form>\n\t\t\t\t\t\t<\/div>\n\t\t\t\t<\/div>\n\t\t\t\t<div class=\"elementor-element elementor-element-9ed6e04 elementor-widget elementor-widget-heading\" data-id=\"9ed6e04\" data-element_type=\"widget\" data-e-type=\"widget\" data-widget_type=\"heading.default\">\n\t\t\t\t<div class=\"elementor-widget-container\">\n\t\t\t\t\t<p class=\"elementor-heading-title elementor-size-default\">Reservaciones y Pagos<\/p>\t\t\t\t<\/div>\n\t\t\t\t<\/div>\n\t\t\t\t<div class=\"elementor-element elementor-element-b2a21b1 elementor-align-start elementor-icon-list--layout-traditional elementor-list-item-link-full_width elementor-widget elementor-widget-icon-list\" data-id=\"b2a21b1\" data-element_type=\"widget\" data-e-type=\"widget\" data-widget_type=\"icon-list.default\">\n\t\t\t\t<div class=\"elementor-widget-container\">\n\t\t\t\t\t\t\t<ul class=\"elementor-icon-list-items\">\n\t\t\t\t\t\t\t<li class=\"elementor-icon-list-item\">\n\t\t\t\t\t\t\t\t\t\t\t<span class=\"elementor-icon-list-icon\">\n\t\t\t\t\t\t\t<i aria-hidden=\"true\" class=\"fas fa-map-marker-alt\"><\/i>\t\t\t\t\t\t<\/span>\n\t\t\t\t\t\t\t\t\t\t<span class=\"elementor-icon-list-text\">Estamos en: Quepos, Puntarenas costado norte de la Escuela Biling\u00fce Manuel Antonio<\/span>\n\t\t\t\t\t\t\t\t\t<\/li>\n\t\t\t\t\t\t\t\t<li class=\"elementor-icon-list-item\">\n\t\t\t\t\t\t\t\t\t\t\t<span class=\"elementor-icon-list-icon\">\n\t\t\t\t\t\t\t<i aria-hidden=\"true\" class=\"fas fa-phone-alt\"><\/i>\t\t\t\t\t\t<\/span>\n\t\t\t\t\t\t\t\t\t\t<span class=\"elementor-icon-list-text\">Tel\u00e9fono: (+506) 2777-1182<\/span>\n\t\t\t\t\t\t\t\t\t<\/li>\n\t\t\t\t\t\t\t\t<li class=\"elementor-icon-list-item\">\n\t\t\t\t\t\t\t\t\t\t\t<span class=\"elementor-icon-list-icon\">\n\t\t\t\t\t\t\t<i aria-hidden=\"true\" class=\"far fa-envelope\"><\/i>\t\t\t\t\t\t<\/span>\n\t\t\t\t\t\t\t\t\t\t<span class=\"elementor-icon-list-text\"> Correo Electr\u00f3nico: reservations@villaslirio.com<\/span>\n\t\t\t\t\t\t\t\t\t<\/li>\n\t\t\t\t\t\t<\/ul>\n\t\t\t\t\t\t<\/div>\n\t\t\t\t<\/div>\n\t\t\t\t\t<\/div>\n\t\t<\/div>\n\t\t\t\t<div class=\"elementor-column elementor-col-50 elementor-top-column elementor-element elementor-element-adcc885\" data-id=\"adcc885\" data-element_type=\"column\" data-e-type=\"column\">\n\t\t\t<div class=\"elementor-widget-wrap elementor-element-populated\">\n\t\t\t\t\t\t<div class=\"elementor-element elementor-element-dc06ae5 elementor-widget elementor-widget-google_maps\" data-id=\"dc06ae5\" data-element_type=\"widget\" data-e-type=\"widget\" data-widget_type=\"google_maps.default\">\n\t\t\t\t<div class=\"elementor-widget-container\">\n\t\t\t\t\t\t\t<div class=\"elementor-custom-embed\">\n\t\t\t<iframe loading=\"lazy\"\n\t\t\t\t\tsrc=\"https:\/\/maps.google.com\/maps?q=Hotel%20Villas%20Lirio&#038;t=m&#038;z=15&#038;output=embed&#038;iwloc=near\"\n\t\t\t\t\ttitle=\"Hotel Villas Lirio\"\n\t\t\t\t\taria-label=\"Hotel Villas Lirio\"\n\t\t\t><\/iframe>\n\t\t<\/div>\n\t\t\t\t\t\t<\/div>\n\t\t\t\t<\/div>\n\t\t\t\t\t<\/div>\n\t\t<\/div>\n\t\t\t\t\t<\/div>\n\t\t<\/section>\n\t\t\t\t<\/div>\n\t\t","protected":false},"excerpt":{"rendered":"<p>\u00bfNECESITAS M\u00c1S INFORMACI\u00d3N? Cont\u00e1ctanos Reservaciones y Pagos Estamos en: Quepos, Puntarenas costado norte de la Escuela Biling\u00fce Manuel Antonio Tel\u00e9fono: (+506) 2777-1182 Correo Electr\u00f3nico: reservations@villaslirio.com<\/p>\n","protected":false},"author":2,"featured_media":3780,"parent":0,"menu_order":0,"comment_status":"closed","ping_status":"closed","template":"elementor_header_footer","meta":{"site-sidebar-layout":"default","site-content-layout":"default","ast-site-content-layout":"default","site-content-style":"default","site-sidebar-style":"default","ast-global-header-display":"","ast-banner-title-visibility":"","ast-main-header-display":"","ast-hfb-above-header-display":"","ast-hfb-below-header-display":"","ast-hfb-mobile-header-display":"","site-post-title":"","ast-breadcrumbs-content":"","ast-featured-img":"","footer-sml-layout":"","ast-disable-related-posts":"","theme-transparent-header-meta":"default","adv-header-id-meta":"","stick-header-meta":"","header-above-stick-meta":"","header-main-stick-meta":"","header-below-stick-meta":"","astra-migrate-meta-layouts":"default","ast-page-background-enabled":"default","ast-page-background-meta":{"desktop":{"background-color":"var(--ast-global-color-4)","background-image":"","background-repeat":"repeat","background-position":"center center","background-size":"auto","background-attachment":"scroll","background-type":"","background-media":"","overlay-type":"","overlay-color":"","overlay-opacity":"","overlay-gradient":""},"tablet":{"background-color":"","background-image":"","background-repeat":"repeat","background-position":"center center","background-size":"auto","background-attachment":"scroll","background-type":"","background-media":"","overlay-type":"","overlay-color":"","overlay-opacity":"","overlay-gradient":""},"mobile":{"background-color":"","background-image":"","background-repeat":"repeat","background-position":"center center","background-size":"auto","background-attachment":"scroll","background-type":"","background-media":"","overlay-type":"","overlay-color":"","overlay-opacity":"","overlay-gradient":""}},"ast-content-background-meta":{"desktop":{"background-color":"var(--ast-global-color-5)","background-image":"","background-repeat":"repeat","background-position":"center center","background-size":"auto","background-attachment":"scroll","background-type":"","background-media":"","overlay-type":"","overlay-color":"","overlay-opacity":"","overlay-gradient":""},"tablet":{"background-color":"var(--ast-global-color-5)","background-image":"","background-repeat":"repeat","background-position":"center center","background-size":"auto","background-attachment":"scroll","background-type":"","background-media":"","overlay-type":"","overlay-color":"","overlay-opacity":"","overlay-gradient":""},"mobile":{"background-color":"var(--ast-global-color-5)","background-image":"","background-repeat":"repeat","background-position":"center center","background-size":"auto","background-attachment":"scroll","background-type":"","background-media":"","overlay-type":"","overlay-color":"","overlay-opacity":"","overlay-gradient":""}},"_glsr_average":0,"_glsr_ranking":0,"_glsr_reviews":0,"footnotes":""},"class_list":["post-4108","page","type-page","status-publish","has-post-thumbnail","hentry"],"yoast_head":"<!-- This site is optimized with the Yoast SEO Premium plugin v20.6 (Yoast SEO v27.4) - https:\/\/yoast.com\/product\/yoast-seo-premium-wordpress\/ -->\n<title>Cont\u00e1ctanos - Hotel Villas Lirio<\/title>\n<meta name=\"description\" content=\"\u00bfTienes alguna duda o sugerencia? Cont\u00e1ctanos y en breve un representante de nuestro equipo se pondr\u00e1 en contacto con usted.\" \/>\n<meta name=\"robots\" content=\"index, follow, max-snippet:-1, max-image-preview:large, max-video-preview:-1\" \/>\n<link rel=\"canonical\" href=\"https:\/\/villaslirio.com\/es\/contacto\/\" \/>\n<meta property=\"og:locale\" content=\"es_ES\" \/>\n<meta property=\"og:type\" content=\"article\" \/>\n<meta property=\"og:title\" content=\"Cont\u00e1ctanos\" \/>\n<meta property=\"og:description\" content=\"\u00bfTienes alguna duda o sugerencia? Cont\u00e1ctanos y en breve un representante de nuestro equipo se pondr\u00e1 en contacto con usted.\" \/>\n<meta property=\"og:url\" content=\"https:\/\/villaslirio.com\/es\/contacto\/\" \/>\n<meta property=\"og:site_name\" content=\"Hotel Villas Lirio\" \/>\n<meta property=\"article:publisher\" content=\"https:\/\/www.facebook.com\/hotelvillaslirio\/\" \/>\n<meta property=\"article:modified_time\" content=\"2023-04-03T17:20:27+00:00\" \/>\n<meta property=\"og:image\" content=\"https:\/\/villaslirio.com\/wp-content\/uploads\/2022\/01\/10-Mujer-desayunando-en-balcon.jpg\" \/>\n\t<meta property=\"og:image:width\" content=\"1440\" \/>\n\t<meta property=\"og:image:height\" content=\"810\" \/>\n\t<meta property=\"og:image:type\" content=\"image\/jpeg\" \/>\n<meta name=\"twitter:card\" content=\"summary_large_image\" \/>\n<script type=\"application\/ld+json\" class=\"yoast-schema-graph\">{\"@context\":\"https:\\\/\\\/schema.org\",\"@graph\":[{\"@type\":\"WebPage\",\"@id\":\"https:\\\/\\\/villaslirio.com\\\/es\\\/contacto\\\/\",\"url\":\"https:\\\/\\\/villaslirio.com\\\/es\\\/contacto\\\/\",\"name\":\"Cont\u00e1ctanos - Hotel Villas Lirio\",\"isPartOf\":{\"@id\":\"https:\\\/\\\/villaslirio.com\\\/es\\\/#website\"},\"primaryImageOfPage\":{\"@id\":\"https:\\\/\\\/villaslirio.com\\\/es\\\/contacto\\\/#primaryimage\"},\"image\":{\"@id\":\"https:\\\/\\\/villaslirio.com\\\/es\\\/contacto\\\/#primaryimage\"},\"thumbnailUrl\":\"https:\\\/\\\/villaslirio.com\\\/wp-content\\\/uploads\\\/2022\\\/01\\\/10-Mujer-desayunando-en-balcon.jpg\",\"datePublished\":\"2023-03-01T03:09:54+00:00\",\"dateModified\":\"2023-04-03T17:20:27+00:00\",\"description\":\"\u00bfTienes alguna duda o sugerencia? Cont\u00e1ctanos y en breve un representante de nuestro equipo se pondr\u00e1 en contacto con usted.\",\"breadcrumb\":{\"@id\":\"https:\\\/\\\/villaslirio.com\\\/es\\\/contacto\\\/#breadcrumb\"},\"inLanguage\":\"es\",\"potentialAction\":[{\"@type\":\"ReadAction\",\"target\":[\"https:\\\/\\\/villaslirio.com\\\/es\\\/contacto\\\/\"]}]},{\"@type\":\"ImageObject\",\"inLanguage\":\"es\",\"@id\":\"https:\\\/\\\/villaslirio.com\\\/es\\\/contacto\\\/#primaryimage\",\"url\":\"https:\\\/\\\/villaslirio.com\\\/wp-content\\\/uploads\\\/2022\\\/01\\\/10-Mujer-desayunando-en-balcon.jpg\",\"contentUrl\":\"https:\\\/\\\/villaslirio.com\\\/wp-content\\\/uploads\\\/2022\\\/01\\\/10-Mujer-desayunando-en-balcon.jpg\",\"width\":1440,\"height\":810,\"caption\":\"Keep in touch\"},{\"@type\":\"BreadcrumbList\",\"@id\":\"https:\\\/\\\/villaslirio.com\\\/es\\\/contacto\\\/#breadcrumb\",\"itemListElement\":[{\"@type\":\"ListItem\",\"position\":1,\"name\":\"Portada\",\"item\":\"https:\\\/\\\/villaslirio.com\\\/es\\\/\"},{\"@type\":\"ListItem\",\"position\":2,\"name\":\"Cont\u00e1ctanos\"}]},{\"@type\":\"WebSite\",\"@id\":\"https:\\\/\\\/villaslirio.com\\\/es\\\/#website\",\"url\":\"https:\\\/\\\/villaslirio.com\\\/es\\\/\",\"name\":\"Hotel Villas Lirio\",\"description\":\"Un hermoso entorno monta\u00f1oso cerca del Parque Nacional Manuel Antonio\",\"publisher\":{\"@id\":\"https:\\\/\\\/villaslirio.com\\\/es\\\/#organization\"},\"potentialAction\":[{\"@type\":\"SearchAction\",\"target\":{\"@type\":\"EntryPoint\",\"urlTemplate\":\"https:\\\/\\\/villaslirio.com\\\/es\\\/?s={search_term_string}\"},\"query-input\":{\"@type\":\"PropertyValueSpecification\",\"valueRequired\":true,\"valueName\":\"search_term_string\"}}],\"inLanguage\":\"es\"},{\"@type\":[\"Organization\",\"Place\"],\"@id\":\"https:\\\/\\\/villaslirio.com\\\/es\\\/#organization\",\"name\":\"Hotel Villas Lirio\",\"alternateName\":\"Hotel Villas Lirio Manuel Antonio\",\"url\":\"https:\\\/\\\/villaslirio.com\\\/es\\\/\",\"logo\":{\"@id\":\"https:\\\/\\\/villaslirio.com\\\/es\\\/contacto\\\/#local-main-organization-logo\"},\"image\":{\"@id\":\"https:\\\/\\\/villaslirio.com\\\/es\\\/contacto\\\/#local-main-organization-logo\"},\"sameAs\":[\"https:\\\/\\\/www.facebook.com\\\/hotelvillaslirio\\\/\",\"https:\\\/\\\/www.instagram.com\\\/hotelvillaslirio\\\/\",\"https:\\\/\\\/www.tripadvisor.com\\\/Hotel_Review-g309274-d676961-Reviews-Hotel_Villas_Lirio-Manuel_Antonio_Quepos_Province_of_Puntarenas.html\"],\"openingHoursSpecification\":[{\"@type\":\"OpeningHoursSpecification\",\"dayOfWeek\":[\"Monday\",\"Tuesday\",\"Wednesday\",\"Thursday\",\"Friday\",\"Saturday\",\"Sunday\"],\"opens\":\"09:00\",\"closes\":\"17:00\"}]},{\"@type\":\"ImageObject\",\"inLanguage\":\"es\",\"@id\":\"https:\\\/\\\/villaslirio.com\\\/es\\\/contacto\\\/#local-main-organization-logo\",\"url\":\"https:\\\/\\\/villaslirio.com\\\/wp-content\\\/uploads\\\/2023\\\/02\\\/Logo-Hotel-Villas-Lirio-I-2.png\",\"contentUrl\":\"https:\\\/\\\/villaslirio.com\\\/wp-content\\\/uploads\\\/2023\\\/02\\\/Logo-Hotel-Villas-Lirio-I-2.png\",\"width\":407,\"height\":192,\"caption\":\"Hotel Villas Lirio\"}]}<\/script>\n<!-- \/ Yoast SEO Premium plugin. -->","yoast_head_json":{"title":"Cont\u00e1ctanos - Hotel Villas Lirio","description":"\u00bfTienes alguna duda o sugerencia? Cont\u00e1ctanos y en breve un representante de nuestro equipo se pondr\u00e1 en contacto con usted.","robots":{"index":"index","follow":"follow","max-snippet":"max-snippet:-1","max-image-preview":"max-image-preview:large","max-video-preview":"max-video-preview:-1"},"canonical":"https:\/\/villaslirio.com\/es\/contacto\/","og_locale":"es_ES","og_type":"article","og_title":"Cont\u00e1ctanos","og_description":"\u00bfTienes alguna duda o sugerencia? Cont\u00e1ctanos y en breve un representante de nuestro equipo se pondr\u00e1 en contacto con usted.","og_url":"https:\/\/villaslirio.com\/es\/contacto\/","og_site_name":"Hotel Villas Lirio","article_publisher":"https:\/\/www.facebook.com\/hotelvillaslirio\/","article_modified_time":"2023-04-03T17:20:27+00:00","og_image":[{"width":1440,"height":810,"url":"https:\/\/villaslirio.com\/wp-content\/uploads\/2022\/01\/10-Mujer-desayunando-en-balcon.jpg","type":"image\/jpeg"}],"twitter_card":"summary_large_image","schema":{"@context":"https:\/\/schema.org","@graph":[{"@type":"WebPage","@id":"https:\/\/villaslirio.com\/es\/contacto\/","url":"https:\/\/villaslirio.com\/es\/contacto\/","name":"Cont\u00e1ctanos - Hotel Villas Lirio","isPartOf":{"@id":"https:\/\/villaslirio.com\/es\/#website"},"primaryImageOfPage":{"@id":"https:\/\/villaslirio.com\/es\/contacto\/#primaryimage"},"image":{"@id":"https:\/\/villaslirio.com\/es\/contacto\/#primaryimage"},"thumbnailUrl":"https:\/\/villaslirio.com\/wp-content\/uploads\/2022\/01\/10-Mujer-desayunando-en-balcon.jpg","datePublished":"2023-03-01T03:09:54+00:00","dateModified":"2023-04-03T17:20:27+00:00","description":"\u00bfTienes alguna duda o sugerencia? Cont\u00e1ctanos y en breve un representante de nuestro equipo se pondr\u00e1 en contacto con usted.","breadcrumb":{"@id":"https:\/\/villaslirio.com\/es\/contacto\/#breadcrumb"},"inLanguage":"es","potentialAction":[{"@type":"ReadAction","target":["https:\/\/villaslirio.com\/es\/contacto\/"]}]},{"@type":"ImageObject","inLanguage":"es","@id":"https:\/\/villaslirio.com\/es\/contacto\/#primaryimage","url":"https:\/\/villaslirio.com\/wp-content\/uploads\/2022\/01\/10-Mujer-desayunando-en-balcon.jpg","contentUrl":"https:\/\/villaslirio.com\/wp-content\/uploads\/2022\/01\/10-Mujer-desayunando-en-balcon.jpg","width":1440,"height":810,"caption":"Keep in touch"},{"@type":"BreadcrumbList","@id":"https:\/\/villaslirio.com\/es\/contacto\/#breadcrumb","itemListElement":[{"@type":"ListItem","position":1,"name":"Portada","item":"https:\/\/villaslirio.com\/es\/"},{"@type":"ListItem","position":2,"name":"Cont\u00e1ctanos"}]},{"@type":"WebSite","@id":"https:\/\/villaslirio.com\/es\/#website","url":"https:\/\/villaslirio.com\/es\/","name":"Hotel Villas Lirio","description":"Un hermoso entorno monta\u00f1oso cerca del Parque Nacional Manuel Antonio","publisher":{"@id":"https:\/\/villaslirio.com\/es\/#organization"},"potentialAction":[{"@type":"SearchAction","target":{"@type":"EntryPoint","urlTemplate":"https:\/\/villaslirio.com\/es\/?s={search_term_string}"},"query-input":{"@type":"PropertyValueSpecification","valueRequired":true,"valueName":"search_term_string"}}],"inLanguage":"es"},{"@type":["Organization","Place"],"@id":"https:\/\/villaslirio.com\/es\/#organization","name":"Hotel Villas Lirio","alternateName":"Hotel Villas Lirio Manuel Antonio","url":"https:\/\/villaslirio.com\/es\/","logo":{"@id":"https:\/\/villaslirio.com\/es\/contacto\/#local-main-organization-logo"},"image":{"@id":"https:\/\/villaslirio.com\/es\/contacto\/#local-main-organization-logo"},"sameAs":["https:\/\/www.facebook.com\/hotelvillaslirio\/","https:\/\/www.instagram.com\/hotelvillaslirio\/","https:\/\/www.tripadvisor.com\/Hotel_Review-g309274-d676961-Reviews-Hotel_Villas_Lirio-Manuel_Antonio_Quepos_Province_of_Puntarenas.html"],"openingHoursSpecification":[{"@type":"OpeningHoursSpecification","dayOfWeek":["Monday","Tuesday","Wednesday","Thursday","Friday","Saturday","Sunday"],"opens":"09:00","closes":"17:00"}]},{"@type":"ImageObject","inLanguage":"es","@id":"https:\/\/villaslirio.com\/es\/contacto\/#local-main-organization-logo","url":"https:\/\/villaslirio.com\/wp-content\/uploads\/2023\/02\/Logo-Hotel-Villas-Lirio-I-2.png","contentUrl":"https:\/\/villaslirio.com\/wp-content\/uploads\/2023\/02\/Logo-Hotel-Villas-Lirio-I-2.png","width":407,"height":192,"caption":"Hotel Villas Lirio"}]}},"_links":{"self":[{"href":"https:\/\/villaslirio.com\/es\/wp-json\/wp\/v2\/pages\/4108","targetHints":{"allow":["GET"]}}],"collection":[{"href":"https:\/\/villaslirio.com\/es\/wp-json\/wp\/v2\/pages"}],"about":[{"href":"https:\/\/villaslirio.com\/es\/wp-json\/wp\/v2\/types\/page"}],"author":[{"embeddable":true,"href":"https:\/\/villaslirio.com\/es\/wp-json\/wp\/v2\/users\/2"}],"replies":[{"embeddable":true,"href":"https:\/\/villaslirio.com\/es\/wp-json\/wp\/v2\/comments?post=4108"}],"version-history":[{"count":5,"href":"https:\/\/villaslirio.com\/es\/wp-json\/wp\/v2\/pages\/4108\/revisions"}],"predecessor-version":[{"id":4327,"href":"https:\/\/villaslirio.com\/es\/wp-json\/wp\/v2\/pages\/4108\/revisions\/4327"}],"wp:featuredmedia":[{"embeddable":true,"href":"https:\/\/villaslirio.com\/es\/wp-json\/wp\/v2\/media\/3780"}],"wp:attachment":[{"href":"https:\/\/villaslirio.com\/es\/wp-json\/wp\/v2\/media?parent=4108"}],"curies":[{"name":"wp","href":"https:\/\/api.w.org\/{rel}","templated":true}]}}